{"id":2573,"date":"2024-10-21T10:49:06","date_gmt":"2024-10-21T13:49:06","guid":{"rendered":"https:\/\/latamcongress.straumann.com\/aviso-de-privacidad\/"},"modified":"2024-10-21T11:03:48","modified_gmt":"2024-10-21T14:03:48","slug":"aviso-de-privacidad","status":"publish","type":"page","link":"https:\/\/latamcongress.straumann.com\/es\/aviso-de-privacidad\/","title":{"rendered":"Aviso de privacidad"},"content":{"rendered":"\t\t<div data-elementor-type=\"wp-page\" data-elementor-id=\"2573\" class=\"elementor elementor-2573 elementor-2554\" data-elementor-post-type=\"page\">\n\t\t\t\t<div class=\"elementor-element elementor-element-9bbefc3 e-flex e-con-boxed e-con e-parent\" data-id=\"9bbefc3\" data-element_type=\"container\" data-settings=\"{&quot;jet_parallax_layout_list&quot;:[]}\">\n\t\t\t\t\t<div class=\"e-con-inner\">\n\t\t<div class=\"elementor-element elementor-element-ac9a731 e-con-full e-flex e-con e-child\" data-id=\"ac9a731\" data-element_type=\"container\" data-settings=\"{&quot;jet_parallax_layout_list&quot;:[]}\">\n\t\t\t\t<div class=\"elementor-element elementor-element-fcafea3 elementor-widget elementor-widget-heading\" data-id=\"fcafea3\" data-element_type=\"widget\" data-widget_type=\"heading.default\">\n\t\t\t\t<div class=\"elementor-widget-container\">\n\t\t\t\t\t<p class=\"elementor-heading-title elementor-size-default\">Aviso de privacidad<\/p>\t\t\t\t<\/div>\n\t\t\t\t<\/div>\n\t\t<div class=\"elementor-element elementor-element-bc29bdc e-flex e-con-boxed e-con e-child\" data-id=\"bc29bdc\" data-element_type=\"container\" data-settings=\"{&quot;jet_parallax_layout_list&quot;:[]}\">\n\t\t\t\t\t<div class=\"e-con-inner\">\n\t\t\t\t<div class=\"elementor-element elementor-element-744097e elementor-widget elementor-widget-heading\" data-id=\"744097e\" data-element_type=\"widget\" data-widget_type=\"heading.default\">\n\t\t\t\t<div class=\"elementor-widget-container\">\n\t\t\t\t\t<p class=\"elementor-heading-title elementor-size-default\">T\u00e9rminos y Condiciones para Inscripci\u00f3n y Participaci\u00f3n en el 4\u00b0 Straumann Latam Congress<\/p>\t\t\t\t<\/div>\n\t\t\t\t<\/div>\n\t\t\t\t<div class=\"elementor-element elementor-element-497b8b5 elementor-widget elementor-widget-text-editor\" data-id=\"497b8b5\" data-element_type=\"widget\" data-widget_type=\"text-editor.default\">\n\t\t\t\t<div class=\"elementor-widget-container\">\n\t\t\t\t\t\t\t\t\t<p><span style=\"font-weight: 400;\">JJGC IND\u00daSTRIA E COM\u00c9RCIO DE MATERIAIS DENT\u00c1RIOS S.A., empresa del Grupo Straumann, inscrita en el CNPJ bajo el n\u00ba 00.489.050\/0001-84, con sede en Avenida Juscelino Kubitschek de Oliveira, n\u00ba 3291, Ciudad Industrial, CEP 81.270-200 y filial inscrita en el CNPJ bajo el n\u00ba 00.489.050\/0029-85, establecida en Rua Benjamin Lins, n\u00ba 742, Batel, CEP 80.420-100, Curitiba, Estado de Paran\u00e1, en adelante denominada simplemente ORGANIZADORA, establece a los inscritos, en adelante denominados Participantes, los siguientes t\u00e9rminos y condiciones para la participaci\u00f3n en el 4\u00b0 Straumann Latam Congress, en adelante denominado \u201cEvento\u201d, que se llevar\u00e1 a cabo los d\u00edas 08 y 09 de mayo de 2025, en el Meli\u00e1 Paradisus Palma Real, situado en Playa de B\u00e1varo, Av. Alemania, Punta Cana 23000, Rep\u00fablica Dominicana.<\/span><\/p><p><span style=\"font-weight: 400;\">Del Evento<\/span><\/p><p><span style=\"font-weight: 400;\">La 4\u00b0 edici\u00f3n del Evento se llevar\u00e1 a cabo los d\u00edas 08 y 09 de mayo de 2025, en el Meli\u00e1 Paradisus Palma Real, situado en Playa de B\u00e1varo, Av. Alemania, Punta Cana 23000, Rep\u00fablica Dominicana. El Evento es una experiencia premium para enriquecer el conocimiento cient\u00edfico, estrechar relaciones y reforzar el compromiso de la ORGANIZADORA con la evoluci\u00f3n de la implantolog\u00eda, la superioridad tecnol\u00f3gica y la transformaci\u00f3n digital de Straumann, creando conexiones significativas para los World Class Doctors, de 10 (diez) pa\u00edses de Am\u00e9rica Latina y socios del ITI \u2013 International Team for Implantology.<\/span><\/p><p><span style=\"font-weight: 400;\">De las atracciones del Evento<\/span><\/p><p><span style=\"font-weight: 400;\">La programaci\u00f3n cient\u00edfica contar\u00e1 con la participaci\u00f3n de renombrados conferencistas de Brasil y del mundo, indicados a partir de investigaciones con los equipos de diferentes pa\u00edses y clientes.<\/span><\/p><p><span style=\"font-weight: 400;\">2.1.a. Conferencistas nacionales confirmados: Alessandro Janu\u00e1rio, Bruno Matias, Daniel Neves, Leandro Cardoso, Leandro Nunes, Livia Lamunier, Luiz Ot\u00e1vio, Paula Corvelho, Rodrigo Beltr\u00e3o y S\u00e9rgio Bernardes.<\/span><\/p><p><span style=\"font-weight: 400;\">2.1.b. Conferencistas Internacionales confirmados: Gustavo Harfagar, Alejandro Trevino, Alejandro Lanis, Martha Fernandes, Juan Manuel Olarte, Santiago Castro.<\/span><\/p><p><span style=\"font-weight: 400;\">2.1.c. Marcas asociadas: Straumann, ClearCorrect e ITI &#8211; International Team for Implantology.<\/span><\/p><p><span style=\"font-weight: 400;\">2.2. De las Alteraciones en la Programaci\u00f3n del Evento<\/span><\/p><p><span style=\"font-weight: 400;\">La ORGANIZADORA se reserva el derecho de alterar, sustituir o cancelar, en cualquier momento, actividades, conferencias o conferencistas, incluso si ya han sido divulgados, en caso de imprevistos o necesidades, sin que haya lugar a solicitud de reembolso de valores de inscripci\u00f3n por motivos de alteraci\u00f3n en la programaci\u00f3n.<\/span><\/p><p><span style=\"font-weight: 400;\">De la Inscripci\u00f3n<\/span><\/p><p><span style=\"font-weight: 400;\">La inscripci\u00f3n deber\u00e1 realizarse exclusivamente a trav\u00e9s del sitio del Congreso: https:\/\/latamcongress.straumann.com\/. Todos los datos informados por el Participante son de su entera responsabilidad, no existiendo responsabilidad alguna de la ORGANIZADORA en caso de discrepancias y\/o inexactitudes de dichos datos. Por motivos de seguridad, no se aceptar\u00e1n datos para inscripci\u00f3n a trav\u00e9s de correo electr\u00f3nico, tel\u00e9fono, redes sociales, WhatsApp u otra forma que no sea por el sitio web de inscripci\u00f3n indicado en el \u00edtem 3 (tres) de estos t\u00e9rminos y condiciones.<\/span><\/p><p><span style=\"font-weight: 400;\">3.1. De los Datos para Inscripci\u00f3n en el Evento<\/span><\/p><p><span style=\"font-weight: 400;\">Al demostrar inter\u00e9s en el Evento, el Participante deber\u00e1 proporcionar, en el momento de su inscripci\u00f3n, algunos datos necesarios para la realizaci\u00f3n del Evento y para cumplir con ciertas obligaciones legales y regulatorias (reserva en el hotel y Certificado de Participaci\u00f3n).<\/span><\/p><p><span style=\"font-weight: 400;\">Los datos personales proporcionados a la ORGANIZADORA en el momento de la inscripci\u00f3n podr\u00e1n ser compartidos con terceros prestadores de servicios, proveedores y otros socios de cooperaci\u00f3n utilizados por la ORGANIZADORA para posibilitar la realizaci\u00f3n del Evento.<\/span><\/p><p><span style=\"font-weight: 400;\">Los datos ser\u00e1n almacenados en la base de datos de los promotores y organizadores para fines de identificaci\u00f3n, acceso y control de presencia en el Evento, por el tiempo necesario para el cumplimiento de las obligaciones contractuales, legales y\/o regulatorias.<\/span><\/p><p><span style=\"font-weight: 400;\">Para seguir con su inscripci\u00f3n en el Evento, se solicitar\u00e1n los siguientes datos del Participante:<\/span><\/p><p><span style=\"font-weight: 400;\">(a) Datos personales: nombre y apellido, pa\u00eds, ciudad, direcci\u00f3n completa, correo electr\u00f3nico, tel\u00e9fono, especialidad, documento (CPF\/ CNPJ\/N\u00famero de pasaporte).<\/span><\/p><p><span style=\"font-weight: 400;\">En caso de que el Participante opte por el pago a trav\u00e9s de tarjeta de cr\u00e9dito o d\u00e9bito, los datos financieros solicitados en el momento de la inscripci\u00f3n en el Evento ser\u00e1n:<\/span><\/p><p><span style=\"font-weight: 400;\">(a) Datos financieros: bandera, n\u00famero de parcela, n\u00famero de la tarjeta, validez y c\u00f3digo de seguridad.<\/span><\/p><p><span style=\"font-weight: 400;\">En caso de que el Participante opte por llevar acompa\u00f1antes, deber\u00e1 enviar los datos de sus acompa\u00f1antes:<\/span><\/p><p><span style=\"font-weight: 400;\">(a) Datos personales: nombre y apellido, documento (CPF\/n\u00famero de pasaporte\/CNPJ), fecha de nacimiento, correo electr\u00f3nico, tel\u00e9fono, direcci\u00f3n completa y especialidad en caso de ser dentista.<\/span><\/p><p><span style=\"font-weight: 400;\">Si el Participante se opone al procesamiento y tratamiento de sus datos personales por parte de la ORGANIZADORA, algunos servicios y soluciones se volver\u00e1n indisponibles. Para mayores aclaraciones, consulte la Pol\u00edtica de privacidad en la p\u00e1gina de inscripciones del sitio del Congreso.<\/span><\/p><p><span style=\"font-weight: 400;\">De las Modalidades de Inscripci\u00f3n<\/span><\/p><p><span style=\"font-weight: 400;\">El Participante, en el momento de su inscripci\u00f3n en el Evento, deber\u00e1 elegir entre una de las siguientes modalidades:<\/span><\/p><p>\u00a0<\/p><p><span style=\"font-weight: 400;\">Entrada + hospedaje individual: Estad\u00eda de 03 (tres) d\u00edas para 1 (una) persona en sistema All Inclusive.<\/span><\/p><p><span style=\"font-weight: 400;\">Entrada + hospedaje doble: Estad\u00eda de 03 (tres) d\u00edas para 2 (dos) personas en sistema All Inclusive.<\/span><\/p><p><span style=\"font-weight: 400;\">Entrada + hospedaje triple: Estad\u00eda de 03 (tres) d\u00edas para 3 (tres) personas en sistema All Inclusive.<\/span><\/p><p><span style=\"font-weight: 400;\">Per\u00edodo: 07, 08 y 09 de mayo de 2025.<\/span><\/p><p><span style=\"font-weight: 400;\">01 (una) entrada para todas las presentaciones del Congreso (08 y 09\/05).<\/span><\/p><p><span style=\"font-weight: 400;\">01 (una) entrada para la fiesta del 09\/05.<\/span><\/p><p><span style=\"font-weight: 400;\">IMPORTANTE:<\/span><\/p><p><span style=\"font-weight: 400;\">Ni\u00f1os de 0 (cero) a menos de 2 (dos) a\u00f1os no est\u00e1n sujetos al pago de tarifas.<\/span><\/p><p><span style=\"font-weight: 400;\">Ni\u00f1os de 2 (dos) a\u00f1os o m\u00e1s y menos de 12 (doce) a\u00f1os estar\u00e1n sujetos al pago del 50% (cincuenta por ciento) de la tarifa.<\/span><\/p><p><span style=\"font-weight: 400;\">Ni\u00f1os de 13 (trece) a\u00f1os o m\u00e1s pagar\u00e1n la tarifa integral aplicable a adultos.<\/span><\/p><p><span style=\"font-weight: 400;\">La configuraci\u00f3n del apartamento y el tipo de lecho ser\u00e1n definidos conforme a la disponibilidad del hotel.<\/span><\/p><p><span style=\"font-weight: 400;\">Entrada Day-use: 01 (una) entrada v\u00e1lida para los 2 (dos) d\u00edas de Congreso (08 y 09\/05), para el uso solo de las instalaciones del hotel, no incluyendo hospedaje, + 1 (una) entrada para la fiesta del 09\/05.<\/span><\/p><p><span style=\"font-weight: 400;\">Entrada para la fiesta: 01 (una) entrada adicional para la fiesta del 09\/05, para acompa\u00f1antes mayores de 18 (dieciocho) a\u00f1os. No incluye hospedaje.<\/span><\/p><p><span style=\"font-weight: 400;\">De las Formas de Pago<\/span><\/p><p><span style=\"font-weight: 400;\">Despu\u00e9s de elegir la modalidad de inscripci\u00f3n, el Participante podr\u00e1 optar por la forma de pago, que podr\u00e1 realizarse a trav\u00e9s de tarjeta de cr\u00e9dito (al contado o a plazos) o v\u00eda PIX en el caso de Participantes residentes en Brasil. Para los Participantes residentes en otros pa\u00edses, la opci\u00f3n disponible ser\u00e1 exclusivamente el pago mediante tarjeta de cr\u00e9dito (al contado).<\/span><\/p><p><span style=\"font-weight: 400;\">Inmediatamente despu\u00e9s de completar el formulario de inscripci\u00f3n, el Participante recibir\u00e1 un correo electr\u00f3nico de confirmaci\u00f3n de recepci\u00f3n de la inscripci\u00f3n.<\/span><\/p><p><span style=\"font-weight: 400;\">Si el pago se realiza utilizando un c\u00f3digo promocional, el descuento correspondiente se aplicar\u00e1 en el momento de la inscripci\u00f3n y se deducir\u00e1 del valor final de la compra.<\/span><\/p><p><span style=\"font-weight: 400;\">La confirmaci\u00f3n de la inscripci\u00f3n se efect\u00faa \u00fanicamente tras la aprobaci\u00f3n del pago realizado. La confirmaci\u00f3n final de la inscripci\u00f3n ser\u00e1 enviada al correo electr\u00f3nico proporcionado por el Participante.<\/span><\/p><p><span style=\"font-weight: 400;\">De la Desistencia, cancelaci\u00f3n e Reembolso<\/span><\/p><p><span style=\"font-weight: 400;\">El Participante podr\u00e1 cancelar su inscripci\u00f3n en el Evento, debiendo formalizar su solicitud a trav\u00e9s del correo electr\u00f3nico: latamcongress@straumann.com.<\/span><\/p><p><span style=\"font-weight: 400;\">En casos de desistimiento por parte del Participante, se observar\u00e1n los siguientes criterios de reembolso:<\/span><\/p><ol><li><span style=\"font-weight: 400;\">a) En casos de desistimiento hasta 150 (ciento cincuenta) d\u00edas antes del evento: se reembolsar\u00e1 el 70% (setenta por ciento) del valor total de la inscripci\u00f3n;<\/span><\/li><li><span style=\"font-weight: 400;\">b) En casos de desistimiento hasta 90 (noventa) d\u00edas antes del evento: se reembolsar\u00e1 el 50% (cincuenta por ciento) del valor total de la inscripci\u00f3n;<\/span><\/li><li><span style=\"font-weight: 400;\">c) En casos de desistimiento hasta 30 (treinta) d\u00edas antes del evento: se reembolsar\u00e1 el 20% (veinte por ciento) del valor total de la inscripci\u00f3n;<\/span><\/li><li><span style=\"font-weight: 400;\">d) En caso de cancelaci\u00f3n de las noches de hospedaje durante el per\u00edodo del evento \u2013 07 a 09 de mayo de 2025, aplicar\u00e1n las mismas penalidades anteriores.<\/span><\/li><\/ol><p><span style=\"font-weight: 400;\">La cancelaci\u00f3n de vuelos comprados a trav\u00e9s de la agencia oficial debe verificarse con el contacto: latamcongress@voetur.com.br.<\/span><\/p><p><span style=\"font-weight: 400;\">A partir del 08 de abril de 2025, en casos de desistimiento, no habr\u00e1 devoluci\u00f3n del valor pagado, independientemente del motivo.<\/span><\/p><p><span style=\"font-weight: 400;\">Para todos los casos de reembolso, se descontar\u00e1n las respectivas tasas de operaci\u00f3n de transferencia bancaria.<\/span><\/p><p><span style=\"font-weight: 400;\">Los valores resultantes de la desistencia ser\u00e1n reembolsados por la ORGANIZADORA, cuando corresponda, en hasta 30 (treinta) d\u00edas despu\u00e9s del t\u00e9rmino del Evento.<\/span><\/p><p><span style=\"font-weight: 400;\">De la Solicitud de Alteraci\u00f3n<\/span><\/p><p><span style=\"font-weight: 400;\">Para solicitar la alteraci\u00f3n de una reserva, el Participante deber\u00e1 ponerse en contacto con el equipo de atenci\u00f3n al cliente a trav\u00e9s del correo electr\u00f3nico latamcongress@voetur.com.br o por tel\u00e9fono al +55 (11) 98873-4794.<\/span><\/p><p><span style=\"font-weight: 400;\">Del Plazo para Alteraci\u00f3n<\/span><\/p><p><span style=\"font-weight: 400;\">Las alteraciones en la reserva solo se aceptar\u00e1n si solicitadas hasta 30 (treinta) d\u00edas antes del Evento. Las solicitudes realizadas despu\u00e9s de este plazo estar\u00e1n sujetas a las Pol\u00edticas de Cancelaci\u00f3n y Reembolso.<\/span><\/p><p><span style=\"font-weight: 400;\">De la Tasa de Alteraci\u00f3n<\/span><\/p><p><span style=\"font-weight: 400;\">Las alteraciones en la reserva podr\u00e1n estar sujetas a una tasa del 7% (siete por ciento) del valor total de la reserva. Esta tasa se cobrar\u00e1 para cubrir costos administrativos y operacionales.<\/span><\/p><p><span style=\"font-weight: 400;\">De la Disponibilidad<\/span><\/p><p><span style=\"font-weight: 400;\">La alteraci\u00f3n de reserva est\u00e1 sujeta a disponibilidad. No est\u00e1 garantizada la disponibilidad de los mismos productos o servicios para la nueva fecha o sesi\u00f3n solicitada.<\/span><\/p><p><span style=\"font-weight: 400;\">De la Diferencia de Precio<\/span><\/p><p><span style=\"font-weight: 400;\">En caso de que la alteraci\u00f3n resulte en un costo mayor, el Participante ser\u00e1 responsable del pago de la diferencia.<\/span><\/p><p><span style=\"font-weight: 400;\">De la Pol\u00edtica de Cancelaci\u00f3n<\/span><\/p><p><span style=\"font-weight: 400;\">Si la alteraci\u00f3n no es posible y el Participante decide cancelar la reserva, las pol\u00edticas de reembolso aplicables ser\u00e1n las descritas en la secci\u00f3n de Cancelaci\u00f3n.<\/span><\/p><p>\u00a0<\/p><p><span style=\"font-weight: 400;\">De la Responsabilidad del Participante<\/span><\/p><p><span style=\"font-weight: 400;\">El Participante es responsable de verificar y confirmar todos los detalles de la reserva alterada. El equipo organizador no se responsabiliza por errores u omisiones despu\u00e9s de la confirmaci\u00f3n de la alteraci\u00f3n.<\/span><\/p><p><span style=\"font-weight: 400;\">De los Gastos de los Participantes<\/span><\/p><p><span style=\"font-weight: 400;\">La ORGANIZADORA se exime de asumir cualquier gasto del Participante para posibilitar la participaci\u00f3n en el Evento. En ninguna de las modalidades de inscripci\u00f3n se incluyen los gastos de traslado, paseos y hospedaje m\u00e1s all\u00e1 de los d\u00edas del evento del Participante.<\/span><\/p><p><span style=\"font-weight: 400;\">La ORGANIZADORA, sin asumir ning\u00fan v\u00ednculo y\/o responsabilidad en la elecci\u00f3n del Participante, y buscando \u00fanicamente facilitar la participaci\u00f3n en el Evento y el servicio premium, informa que la agencia VoeTur Turismo ofrecer\u00e1 descuentos exclusivos a los inscritos para el Evento, en el traslado y hospedaje m\u00e1s all\u00e1 de los d\u00edas del evento, quedando a criterio \u00fanico y exclusivo del Participante la decisi\u00f3n en la contrataci\u00f3n del servicio de terceros.<\/span><\/p><p><span style=\"font-weight: 400;\">La responsabilidad por el traslado y el hospedaje, trat\u00e1ndose de estad\u00edas en hoteles que no est\u00e9n directamente asociados al Evento y cualquier pernocte adicional m\u00e1s all\u00e1 de los d\u00edas del Evento, es totalmente del Participante. La ORGANIZADORA no asumir\u00e1 estos costos.<\/span><\/p><p><span style=\"font-weight: 400;\">De la Transferencia de Titularidad<\/span><\/p><p><span style=\"font-weight: 400;\">La transferencia de la titularidad de la inscripci\u00f3n ser\u00e1 permitida siempre que se cumplan los siguientes criterios:<\/span><\/p><p><span style=\"font-weight: 400;\">(i) mediante solicitud directa y confirmaci\u00f3n de identidad del inscrito;<\/span><\/p><p><span style=\"font-weight: 400;\">(ii) solicitudes solo a trav\u00e9s del correo electr\u00f3nico: latamcongress@voetur.com.br;<\/span><\/p><p><span style=\"font-weight: 400;\">(iii) pedidos de transferencia de titularidad hasta el d\u00eda 01\/03\/2025 y para la misma categor\u00eda.<\/span><\/p><p><span style=\"font-weight: 400;\">Cumplidos los requisitos, el Participante receptor de la inscripci\u00f3n deber\u00e1 confirmar los datos indicados en el \u00cdtem 3.1 \u201ca\u201d de estos T\u00e9rminos y Condiciones.<\/span><\/p><p><span style=\"font-weight: 400;\">Del Certificado<\/span><\/p><p><span style=\"font-weight: 400;\">Todos los Participantes recibir\u00e1n Certificado de Participaci\u00f3n, el cual estar\u00e1 disponible en el sitio del Evento para impresi\u00f3n, en hasta 30 (treinta) d\u00edas despu\u00e9s de la realizaci\u00f3n del Evento.<\/span><\/p><p><span style=\"font-weight: 400;\">La emisi\u00f3n del certificado es responsabilidad de cada Participante y estar\u00e1 disponible en formato online, en la \u201c\u00e1rea del congresista\u201d, en el sitio web a trav\u00e9s del cual el Participante realiz\u00f3 su inscripci\u00f3n, hasta el d\u00eda 31\/08\/2025.<\/span><\/p><p><span style=\"font-weight: 400;\">No se enviar\u00e1n certificados por correo electr\u00f3nico ni en ning\u00fan otro formato. La ORGANIZADORA no se responsabiliza por certificados NO emitidos.<\/span><\/p><p><span style=\"font-weight: 400;\">Del Derecho de Imagen<\/span><\/p><p><span style=\"font-weight: 400;\">La ORGANIZADORA se reserva el derecho de hacer registro de im\u00e1genes en todas las actividades que componen el Evento. Al participar en el Evento, el Participante concede a los promotores, organizadores y patrocinadores el derecho de utilizar sus im\u00e1genes, tomadas en fotograf\u00edas y\/o videos y filmaciones realizadas antes del evento, durante y despu\u00e9s del evento.<\/span><\/p><p><span style=\"font-weight: 400;\">Al participar en el Evento, el Participante es consciente de que su imagen, voz y nombre pueden ser utilizados, en cualquier momento, por la ORGANIZADORA, sus filiales nacionales e internacionales, empresas coligadas, subsidiarias y\/o del mismo grupo econ\u00f3mico en la difusi\u00f3n de material promocional de medios, audiovisual, impreso y\/o electr\u00f3nico (publicaciones, informativos, cat\u00e1logos, revistas, peri\u00f3dicos, folletos y otros materiales de campa\u00f1as), y dem\u00e1s canales de difusi\u00f3n del evento (promotores, organizadores y patrocinadores), pudiendo difundirlos de la manera que mejor le plazca en cualquier canal de comunicaci\u00f3n (radio, televisi\u00f3n, internet, videos, documentales, etc.), siempre que se respeten todas las normativas vigentes y que no implique distorsi\u00f3n del contenido.<\/span><\/p><p><span style=\"font-weight: 400;\">De la Ley General de Protecci\u00f3n de Datos<\/span><\/p><p><span style=\"font-weight: 400;\">La protecci\u00f3n y seguridad de los datos personales son de suma importancia para la ORGANIZADORA, y por ello en el \u00edtem 3.1 se detallan los datos personales y financieros que se solicitar\u00e1n a cada Participante en el momento de la inscripci\u00f3n en el Evento.<\/span><\/p><p><span style=\"font-weight: 400;\">Adem\u00e1s de los datos solicitados en el momento de la inscripci\u00f3n, se solicitar\u00e1 al Participante su consentimiento para el env\u00edo de publicidades y materiales de marketing relacionados con los productos de la ORGANIZADORA y los productos de patrocinadores y expositores asociados. Este consentimiento no es obligatorio, por lo que el Participante tiene el derecho de optar por no otorgarlo.<\/span><\/p><p><span style=\"font-weight: 400;\">Si el Participante a\u00fan tiene alguna duda o necesita entender m\u00e1s sobre la Pol\u00edtica de Privacidad de Datos, puede consultar la siguiente direcci\u00f3n electr\u00f3nica: https:\/\/www.straumann.com\/neodent\/br\/pt\/profissionais\/aviso-de-privacidade.html.<\/span><\/p><p>\u00a0<\/p><p><span style=\"font-weight: 400;\">De los Pertenecientes y Objetos Personales<\/span><\/p><p><span style=\"font-weight: 400;\">Es responsabilidad del Participante mantener seguros sus pertenencias y objetos personales. Los promotores y organizadores del evento no se responsabilizan por extrav\u00edos, p\u00e9rdidas o robos ocurridos durante la realizaci\u00f3n del Evento, en el lugar y \u00e1reas adyacentes, en el lugar de hospedaje o durante los traslados al Evento.<\/span><\/p><p><span style=\"font-weight: 400;\">La ORGANIZADORA del Evento dispondr\u00e1 junto a la secretar\u00eda del Evento un sector de objetos perdidos, sin embargo, es de entera responsabilidad de cada Participante cuidar de sus pertenencias.<\/span><\/p><p><span style=\"font-weight: 400;\">De las Disposiciones Finales<\/span><\/p><p><span style=\"font-weight: 400;\">Modificaci\u00f3n de los T\u00e9rminos y Condiciones: La ORGANIZADORA se reserva el derecho de, en cualquier momento, emitir aditivos al presente T\u00e9rmino y Condiciones, con el objetivo de aclarar cualquier caso omiso u oscuro. Tales aditivos ser\u00e1n considerados parte integrante de los T\u00e9rminos y Condiciones, y su aceptaci\u00f3n ser\u00e1 obligatoria para todos los Participantes.<\/span><\/p><p><span style=\"font-weight: 400;\">Cancelaci\u00f3n del Evento: La ORGANIZADORA podr\u00e1, a su exclusivo criterio y sin necesidad de justificaci\u00f3n, proceder a la cancelaci\u00f3n del Evento. En este caso, la ORGANIZADORA notificar\u00e1 la decisi\u00f3n de cancelaci\u00f3n a trav\u00e9s de los canales oficiales del Evento.<\/span><\/p><p><span style=\"font-weight: 400;\">Aceptaci\u00f3n de los T\u00e9rminos y Condiciones: La aceptaci\u00f3n de los T\u00e9rminos y Condiciones por parte del Participante al inscribirse en el Evento implica la concordancia con todos los t\u00e9rminos y condiciones aqu\u00ed establecidos, incluyendo cualquier modificaci\u00f3n que pueda realizarse conforme se describi\u00f3 anteriormente.<\/span><\/p><p><span style=\"font-weight: 400;\">Resoluci\u00f3n de Dudas y Controversias: Cualquier duda o controversia derivada de reclamaciones de los inscritos deber\u00e1 ser inicialmente resuelta por la ORGANIZADORA, que buscar\u00e1 resolver la cuesti\u00f3n de forma justa y conforme a las disposiciones establecidas en estos T\u00e9rminos y Condiciones.<\/span><\/p><p><span style=\"font-weight: 400;\">Del Foro:<\/span><\/p><p><span style=\"font-weight: 400;\">Se elige el foro de la Comarca de Curitiba, Estado de Paran\u00e1, como competente para dirimir cualquier cuesti\u00f3n relacionada con estos T\u00e9rminos y Condiciones.<\/span><\/p><p><span style=\"font-weight: 400;\">\u00a9 JJGC Ind\u00fastria e Com\u00e9rcio de Materiais Dent\u00e1rios S.A. Todos los derechos reservados.<\/span><\/p>\t\t\t\t\t\t\t\t<\/div>\n\t\t\t\t<\/div>\n\t\t\t\t\t<\/div>\n\t\t\t\t<\/div>\n\t\t\t\t<\/div>\n\t\t\t\t\t<\/div>\n\t\t\t\t<\/div>\n\t\t\t\t<\/div>\n\t\t","protected":false},"excerpt":{"rendered":"<p>Aviso de privacidad T\u00e9rminos y Condiciones para Inscripci\u00f3n y Participaci\u00f3n en el 4\u00b0 Straumann Latam Congress JJGC IND\u00daSTRIA E COM\u00c9RCIO DE MATERIAIS DENT\u00c1RIOS S.A., empresa del Grupo Straumann, inscrita en el CNPJ bajo el n\u00ba 00.489.050\/0001-84, con sede en Avenida Juscelino Kubitschek de Oliveira, n\u00ba 3291, Ciudad Industrial, CEP 81.270-200 y filial inscrita en el [&hellip;]<\/p>\n","protected":false},"author":1,"featured_media":0,"parent":0,"menu_order":0,"comment_status":"closed","ping_status":"closed","template":"","meta":{"footnotes":""},"class_list":["post-2573","page","type-page","status-publish","hentry"],"_links":{"self":[{"href":"https:\/\/latamcongress.straumann.com\/es\/wp-json\/wp\/v2\/pages\/2573","targetHints":{"allow":["GET"]}}],"collection":[{"href":"https:\/\/latamcongress.straumann.com\/es\/wp-json\/wp\/v2\/pages"}],"about":[{"href":"https:\/\/latamcongress.straumann.com\/es\/wp-json\/wp\/v2\/types\/page"}],"author":[{"embeddable":true,"href":"https:\/\/latamcongress.straumann.com\/es\/wp-json\/wp\/v2\/users\/1"}],"replies":[{"embeddable":true,"href":"https:\/\/latamcongress.straumann.com\/es\/wp-json\/wp\/v2\/comments?post=2573"}],"version-history":[{"count":4,"href":"https:\/\/latamcongress.straumann.com\/es\/wp-json\/wp\/v2\/pages\/2573\/revisions"}],"predecessor-version":[{"id":2580,"href":"https:\/\/latamcongress.straumann.com\/es\/wp-json\/wp\/v2\/pages\/2573\/revisions\/2580"}],"wp:attachment":[{"href":"https:\/\/latamcongress.straumann.com\/es\/wp-json\/wp\/v2\/media?parent=2573"}],"curies":[{"name":"wp","href":"https:\/\/api.w.org\/{rel}","templated":true}]}}