{"id":1545,"date":"2024-02-05T17:47:18","date_gmt":"2024-02-05T20:47:18","guid":{"rendered":"https:\/\/latamcongress.straumann.com\/muchas-gracias\/"},"modified":"2024-10-25T14:49:07","modified_gmt":"2024-10-25T17:49:07","slug":"muchas-gracias","status":"publish","type":"page","link":"https:\/\/latamcongress.straumann.com\/es\/muchas-gracias\/","title":{"rendered":"\u00a1Muchas gracias!"},"content":{"rendered":"\t\t<div data-elementor-type=\"wp-page\" data-elementor-id=\"1545\" class=\"elementor elementor-1545 elementor-727\" data-elementor-post-type=\"page\">\n\t\t\t\t<div class=\"elementor-element elementor-element-3306f76 e-flex e-con-boxed e-con e-parent\" data-id=\"3306f76\" data-element_type=\"container\" data-settings=\"{&quot;background_background&quot;:&quot;classic&quot;,&quot;jet_parallax_layout_list&quot;:[]}\">\n\t\t\t\t\t<div class=\"e-con-inner\">\n\t\t\t\t<div class=\"elementor-element elementor-element-d192c26 elementor-widget elementor-widget-heading\" data-id=\"d192c26\" data-element_type=\"widget\" data-widget_type=\"heading.default\">\n\t\t\t\t<div class=\"elementor-widget-container\">\n\t\t\t\t\t<h1 class=\"elementor-heading-title elementor-size-default\">\u00a1Muchas gracias!<\/h1>\t\t\t\t<\/div>\n\t\t\t\t<\/div>\n\t\t\t\t<div class=\"elementor-element elementor-element-041dfac elementor-widget elementor-widget-text-editor\" data-id=\"041dfac\" data-element_type=\"widget\" data-widget_type=\"text-editor.default\">\n\t\t\t\t<div class=\"elementor-widget-container\">\n\t\t\t\t\t\t\t\t\t<p><span data-sheets-root=\"1\" data-sheets-value=\"{&quot;1&quot;:2,&quot;2&quot;:&quot;Pronto recibir\u00e1s m\u00e1s informaci\u00f3n sobre el evento en tu correo electr\u00f3nico.&quot;}\" data-sheets-userformat=\"{&quot;2&quot;:8192,&quot;16&quot;:9}\" data-sheets-formula=\"=GOOGLETRANSLATE(R[0]C[-1];&quot;pt&quot;;&quot;es&quot;)\">Pronto recibir\u00e1s m\u00e1s informaci\u00f3n sobre el evento en tu correo electr\u00f3nico.<\/span><\/p>\n\t\t\t\t\t\t\t\t<\/div>\n\t\t\t\t<\/div>\n\t\t\t\t\t<\/div>\n\t\t\t\t<\/div>\n\t\t\t\t<\/div>\n\t\t","protected":false},"excerpt":{"rendered":"<p>\u00a1Muchas gracias! Pronto recibir\u00e1s m\u00e1s informaci\u00f3n sobre el evento en tu correo electr\u00f3nico.<\/p>\n","protected":false},"author":1,"featured_media":0,"parent":0,"menu_order":0,"comment_status":"closed","ping_status":"closed","template":"","meta":{"footnotes":""},"class_list":["post-1545","page","type-page","status-publish","hentry"],"_links":{"self":[{"href":"https:\/\/latamcongress.straumann.com\/es\/wp-json\/wp\/v2\/pages\/1545","targetHints":{"allow":["GET"]}}],"collection":[{"href":"https:\/\/latamcongress.straumann.com\/es\/wp-json\/wp\/v2\/pages"}],"about":[{"href":"https:\/\/latamcongress.straumann.com\/es\/wp-json\/wp\/v2\/types\/page"}],"author":[{"embeddable":true,"href":"https:\/\/latamcongress.straumann.com\/es\/wp-json\/wp\/v2\/users\/1"}],"replies":[{"embeddable":true,"href":"https:\/\/latamcongress.straumann.com\/es\/wp-json\/wp\/v2\/comments?post=1545"}],"version-history":[{"count":3,"href":"https:\/\/latamcongress.straumann.com\/es\/wp-json\/wp\/v2\/pages\/1545\/revisions"}],"predecessor-version":[{"id":2585,"href":"https:\/\/latamcongress.straumann.com\/es\/wp-json\/wp\/v2\/pages\/1545\/revisions\/2585"}],"wp:attachment":[{"href":"https:\/\/latamcongress.straumann.com\/es\/wp-json\/wp\/v2\/media?parent=1545"}],"curies":[{"name":"wp","href":"https:\/\/api.w.org\/{rel}","templated":true}]}}