{"id":1109,"date":"2024-01-28T12:11:41","date_gmt":"2024-01-28T15:11:41","guid":{"rendered":"https:\/\/latamcongress.straumann.com\/el-congreso\/"},"modified":"2025-03-20T15:56:52","modified_gmt":"2025-03-20T18:56:52","slug":"el-congreso","status":"publish","type":"page","link":"https:\/\/latamcongress.straumann.com\/es\/el-congreso\/","title":{"rendered":"El congreso"},"content":{"rendered":"\t\t<div data-elementor-type=\"wp-page\" data-elementor-id=\"1109\" class=\"elementor elementor-1109 elementor-334\" data-elementor-post-type=\"page\">\n\t\t\t\t<div class=\"elementor-element elementor-element-f5e866d e-flex e-con-boxed e-con e-parent\" data-id=\"f5e866d\" data-element_type=\"container\" data-settings=\"{&quot;background_background&quot;:&quot;classic&quot;,&quot;jet_parallax_layout_list&quot;:[]}\">\n\t\t\t\t\t<div class=\"e-con-inner\">\n\t\t<div class=\"elementor-element elementor-element-9aa95b6 e-con-full e-flex e-con e-child\" data-id=\"9aa95b6\" data-element_type=\"container\" data-settings=\"{&quot;jet_parallax_layout_list&quot;:[]}\">\n\t\t\t\t<div class=\"elementor-element elementor-element-f0f6409 elementor-widget elementor-widget-heading\" data-id=\"f0f6409\" data-element_type=\"widget\" data-widget_type=\"heading.default\">\n\t\t\t\t<div class=\"elementor-widget-container\">\n\t\t\t\t\t<p class=\"elementor-heading-title elementor-size-default\">El congreso<\/p>\t\t\t\t<\/div>\n\t\t\t\t<\/div>\n\t\t\t\t<div class=\"elementor-element elementor-element-d9c0904 elementor-widget__width-initial elementor-widget elementor-widget-heading\" data-id=\"d9c0904\" data-element_type=\"widget\" data-widget_type=\"heading.default\">\n\t\t\t\t<div class=\"elementor-widget-container\">\n\t\t\t\t\t<p class=\"elementor-heading-title elementor-size-default\">\u00a1Prep\u00e1rese para el futuro!<\/p>\t\t\t\t<\/div>\n\t\t\t\t<\/div>\n\t\t\t\t<\/div>\n\t\t<div class=\"elementor-element elementor-element-625e8a1 e-con-full e-flex e-con e-child\" data-id=\"625e8a1\" data-element_type=\"container\" data-settings=\"{&quot;jet_parallax_layout_list&quot;:[]}\">\n\t\t\t\t<div class=\"elementor-element elementor-element-566eeaf elementor-widget elementor-widget-text-editor\" data-id=\"566eeaf\" data-element_type=\"widget\" data-widget_type=\"text-editor.default\">\n\t\t\t\t<div class=\"elementor-widget-container\">\n\t\t\t\t\t\t\t\t\t<p><span style=\"font-weight: 400;\">Desde 2015, hemos reunido a Brasil, a m\u00e1s de 10 pa\u00edses de Am\u00e9rica Latina y a los oradores m\u00e1s destacados del mundo en un lugar paradis\u00edaco, donde compartimos toda la innovaci\u00f3n y superioridad tecnol\u00f3gica de Straumann con una rica agenda de conversaciones para elevar a\u00fan m\u00e1s el desempe\u00f1o de nuestros m\u00e9dicos de clase mundial.<\/span><\/p>\n<p><span style=\"font-weight: 400;\">Ahora, despu\u00e9s de un receso, estamos emocionados de presentar el evento m\u00e1s esperado entre los principales profesionales del sector. El Straumann Latam Congress es m\u00e1s que una reuni\u00f3n: es una experiencia premium dise\u00f1ada para enriquecer el discurso cient\u00edfico, fortalecer relaciones y destacar el liderazgo global de Straumann.<\/span><\/p>\n<p><span style=\"font-weight: 400;\">Bajo el tema Superioridad Tecnol\u00f3gica \u2013 Est\u00e9tica \u2013 Transformaci\u00f3n Digital, explora lo que nos hace \u00fanicos y \u00fanete a nosotros para una celebraci\u00f3n inigualable de la implantolog\u00eda.<\/span><\/p>\n\t\t\t\t\t\t\t\t<\/div>\n\t\t\t\t<\/div>\n\t\t\t\t<div class=\"elementor-element elementor-element-7c1fc1b elementor-tablet-align-center elementor-widget elementor-widget-button\" data-id=\"7c1fc1b\" data-element_type=\"widget\" data-widget_type=\"button.default\">\n\t\t\t\t<div class=\"elementor-widget-container\">\n\t\t\t\t\t\t\t\t\t<div class=\"elementor-button-wrapper\">\n\t\t\t\t\t<a class=\"elementor-button elementor-button-link elementor-size-sm elementor-animation-grow\" href=\"https:\/\/latamcongress.straumann.com\/es\/historia-del-congreso\/\">\n\t\t\t\t\t\t<span class=\"elementor-button-content-wrapper\">\n\t\t\t\t\t\t\t\t\t<span class=\"elementor-button-text\">Descubre la historia del evento<\/span>\n\t\t\t\t\t<\/span>\n\t\t\t\t\t<\/a>\n\t\t\t\t<\/div>\n\t\t\t\t\t\t\t\t<\/div>\n\t\t\t\t<\/div>\n\t\t\t\t<\/div>\n\t\t\t\t\t<\/div>\n\t\t\t\t<\/div>\n\t\t<div class=\"elementor-element elementor-element-156301e e-flex e-con-boxed e-con e-parent\" data-id=\"156301e\" data-element_type=\"container\" data-settings=\"{&quot;background_background&quot;:&quot;classic&quot;,&quot;jet_parallax_layout_list&quot;:[]}\">\n\t\t\t\t\t<div class=\"e-con-inner\">\n\t\t\t\t<div class=\"elementor-element elementor-element-7c396fc elementor-widget elementor-widget-heading\" data-id=\"7c396fc\" data-element_type=\"widget\" data-widget_type=\"heading.default\">\n\t\t\t\t<div class=\"elementor-widget-container\">\n\t\t\t\t\t<p class=\"elementor-heading-title elementor-size-default\">COMISI\u00d3N ORGANIZADORA<\/p>\t\t\t\t<\/div>\n\t\t\t\t<\/div>\n\t\t<div class=\"elementor-element elementor-element-4d74fed e-flex e-con-boxed e-con e-child\" data-id=\"4d74fed\" data-element_type=\"container\" data-settings=\"{&quot;jet_parallax_layout_list&quot;:[]}\">\n\t\t\t\t\t<div class=\"e-con-inner\">\n\t\t<div class=\"elementor-element elementor-element-b6e26ad e-flex e-con-boxed e-con e-child\" data-id=\"b6e26ad\" data-element_type=\"container\" data-settings=\"{&quot;background_background&quot;:&quot;gradient&quot;,&quot;jet_parallax_layout_list&quot;:[]}\">\n\t\t\t\t\t<div class=\"e-con-inner\">\n\t\t\t\t<div class=\"elementor-element elementor-element-4d50cdf elementor-widget elementor-widget-image\" data-id=\"4d50cdf\" data-element_type=\"widget\" data-widget_type=\"image.default\">\n\t\t\t\t<div class=\"elementor-widget-container\">\n\t\t\t\t\t\t\t\t\t\t\t\t\t\t\t<img fetchpriority=\"high\" decoding=\"async\" width=\"800\" height=\"800\" src=\"https:\/\/latamcongress.straumann.com\/wp-content\/uploads\/2024\/04\/Ana.png\" class=\"attachment-large size-large wp-image-1744\" alt=\"\" srcset=\"https:\/\/latamcongress.straumann.com\/wp-content\/uploads\/2024\/04\/Ana.png 800w, https:\/\/latamcongress.straumann.com\/wp-content\/uploads\/2024\/04\/Ana-300x300.png 300w, https:\/\/latamcongress.straumann.com\/wp-content\/uploads\/2024\/04\/Ana-150x150.png 150w, https:\/\/latamcongress.straumann.com\/wp-content\/uploads\/2024\/04\/Ana-768x768.png 768w\" sizes=\"(max-width: 800px) 100vw, 800px\" \/>\t\t\t\t\t\t\t\t\t\t\t\t\t\t\t<\/div>\n\t\t\t\t<\/div>\n\t\t\t\t<div class=\"elementor-element elementor-element-a1adf6b elementor-widget elementor-widget-heading\" data-id=\"a1adf6b\" data-element_type=\"widget\" data-widget_type=\"heading.default\">\n\t\t\t\t<div class=\"elementor-widget-container\">\n\t\t\t\t\t<h3 class=\"elementor-heading-title elementor-size-default\">Ana Paula Cardinal<\/h3>\t\t\t\t<\/div>\n\t\t\t\t<\/div>\n\t\t\t\t<div class=\"elementor-element elementor-element-cc02304 elementor-widget elementor-widget-text-editor\" data-id=\"cc02304\" data-element_type=\"widget\" data-widget_type=\"text-editor.default\">\n\t\t\t\t<div class=\"elementor-widget-container\">\n\t\t\t\t\t\t\t\t\t<p>Administraci\u00f3n General<\/p>\n\t\t\t\t\t\t\t\t<\/div>\n\t\t\t\t<\/div>\n\t\t\t\t\t<\/div>\n\t\t\t\t<\/div>\n\t\t<div class=\"elementor-element elementor-element-f32b726 e-flex e-con-boxed e-con e-child\" data-id=\"f32b726\" data-element_type=\"container\" data-settings=\"{&quot;background_background&quot;:&quot;gradient&quot;,&quot;jet_parallax_layout_list&quot;:[]}\">\n\t\t\t\t\t<div class=\"e-con-inner\">\n\t\t\t\t<div class=\"elementor-element elementor-element-3012a28 elementor-widget elementor-widget-image\" data-id=\"3012a28\" data-element_type=\"widget\" data-widget_type=\"image.default\">\n\t\t\t\t<div class=\"elementor-widget-container\">\n\t\t\t\t\t\t\t\t\t\t\t\t\t\t\t<img decoding=\"async\" width=\"800\" height=\"800\" src=\"https:\/\/latamcongress.straumann.com\/wp-content\/uploads\/2024\/04\/Fabi.png\" class=\"attachment-large size-large wp-image-1747\" alt=\"\" srcset=\"https:\/\/latamcongress.straumann.com\/wp-content\/uploads\/2024\/04\/Fabi.png 800w, https:\/\/latamcongress.straumann.com\/wp-content\/uploads\/2024\/04\/Fabi-300x300.png 300w, https:\/\/latamcongress.straumann.com\/wp-content\/uploads\/2024\/04\/Fabi-150x150.png 150w, https:\/\/latamcongress.straumann.com\/wp-content\/uploads\/2024\/04\/Fabi-768x768.png 768w\" sizes=\"(max-width: 800px) 100vw, 800px\" \/>\t\t\t\t\t\t\t\t\t\t\t\t\t\t\t<\/div>\n\t\t\t\t<\/div>\n\t\t\t\t<div class=\"elementor-element elementor-element-a94ab6d elementor-widget elementor-widget-heading\" data-id=\"a94ab6d\" data-element_type=\"widget\" data-widget_type=\"heading.default\">\n\t\t\t\t<div class=\"elementor-widget-container\">\n\t\t\t\t\t<h3 class=\"elementor-heading-title elementor-size-default\">Fabiola Alexandri<\/h3>\t\t\t\t<\/div>\n\t\t\t\t<\/div>\n\t\t\t\t<div class=\"elementor-element elementor-element-dd03ec8 elementor-widget elementor-widget-text-editor\" data-id=\"dd03ec8\" data-element_type=\"widget\" data-widget_type=\"text-editor.default\">\n\t\t\t\t<div class=\"elementor-widget-container\">\n\t\t\t\t\t\t\t\t\t<p>Gerencia Latam<\/p>\n\t\t\t\t\t\t\t\t<\/div>\n\t\t\t\t<\/div>\n\t\t\t\t\t<\/div>\n\t\t\t\t<\/div>\n\t\t\t\t\t<\/div>\n\t\t\t\t<\/div>\n\t\t<div class=\"elementor-element elementor-element-898c6af e-flex e-con-boxed e-con e-child\" data-id=\"898c6af\" data-element_type=\"container\" data-settings=\"{&quot;jet_parallax_layout_list&quot;:[]}\">\n\t\t\t\t\t<div class=\"e-con-inner\">\n\t\t<div class=\"elementor-element elementor-element-1ac8d4d e-flex e-con-boxed e-con e-child\" data-id=\"1ac8d4d\" data-element_type=\"container\" data-settings=\"{&quot;background_background&quot;:&quot;gradient&quot;,&quot;jet_parallax_layout_list&quot;:[]}\">\n\t\t\t\t\t<div class=\"e-con-inner\">\n\t\t\t\t<div class=\"elementor-element elementor-element-abd6e47 elementor-widget elementor-widget-image\" data-id=\"abd6e47\" data-element_type=\"widget\" data-widget_type=\"image.default\">\n\t\t\t\t<div class=\"elementor-widget-container\">\n\t\t\t\t\t\t\t\t\t\t\t\t\t\t\t<img decoding=\"async\" width=\"800\" height=\"800\" src=\"https:\/\/latamcongress.straumann.com\/wp-content\/uploads\/2024\/04\/Ta\u0302nia.png\" class=\"attachment-large size-large wp-image-1750\" alt=\"\" srcset=\"https:\/\/latamcongress.straumann.com\/wp-content\/uploads\/2024\/04\/Ta\u0302nia.png 800w, https:\/\/latamcongress.straumann.com\/wp-content\/uploads\/2024\/04\/Ta\u0302nia-300x300.png 300w, https:\/\/latamcongress.straumann.com\/wp-content\/uploads\/2024\/04\/Ta\u0302nia-150x150.png 150w, https:\/\/latamcongress.straumann.com\/wp-content\/uploads\/2024\/04\/Ta\u0302nia-768x768.png 768w\" sizes=\"(max-width: 800px) 100vw, 800px\" \/>\t\t\t\t\t\t\t\t\t\t\t\t\t\t\t<\/div>\n\t\t\t\t<\/div>\n\t\t\t\t<div class=\"elementor-element elementor-element-4ea915f elementor-widget elementor-widget-heading\" data-id=\"4ea915f\" data-element_type=\"widget\" data-widget_type=\"heading.default\">\n\t\t\t\t<div class=\"elementor-widget-container\">\n\t\t\t\t\t<h3 class=\"elementor-heading-title elementor-size-default\">T\u00e2nia Cardozo<\/h3>\t\t\t\t<\/div>\n\t\t\t\t<\/div>\n\t\t\t\t<div class=\"elementor-element elementor-element-680e471 elementor-widget elementor-widget-text-editor\" data-id=\"680e471\" data-element_type=\"widget\" data-widget_type=\"text-editor.default\">\n\t\t\t\t<div class=\"elementor-widget-container\">\n\t\t\t\t\t\t\t\t\t<p>Coordinaci\u00f3n General<\/p>\n\t\t\t\t\t\t\t\t<\/div>\n\t\t\t\t<\/div>\n\t\t\t\t\t<\/div>\n\t\t\t\t<\/div>\n\t\t<div class=\"elementor-element elementor-element-e5895b8 e-flex e-con-boxed e-con e-child\" data-id=\"e5895b8\" data-element_type=\"container\" data-settings=\"{&quot;background_background&quot;:&quot;gradient&quot;,&quot;jet_parallax_layout_list&quot;:[]}\">\n\t\t\t\t\t<div class=\"e-con-inner\">\n\t\t\t\t<div class=\"elementor-element elementor-element-c199b69 elementor-widget elementor-widget-image\" data-id=\"c199b69\" data-element_type=\"widget\" data-widget_type=\"image.default\">\n\t\t\t\t<div class=\"elementor-widget-container\">\n\t\t\t\t\t\t\t\t\t\t\t\t\t\t\t<img loading=\"lazy\" decoding=\"async\" width=\"800\" height=\"800\" src=\"https:\/\/latamcongress.straumann.com\/wp-content\/uploads\/2024\/04\/Luana.png\" class=\"attachment-large size-large wp-image-1753\" alt=\"\" srcset=\"https:\/\/latamcongress.straumann.com\/wp-content\/uploads\/2024\/04\/Luana.png 800w, https:\/\/latamcongress.straumann.com\/wp-content\/uploads\/2024\/04\/Luana-300x300.png 300w, https:\/\/latamcongress.straumann.com\/wp-content\/uploads\/2024\/04\/Luana-150x150.png 150w, https:\/\/latamcongress.straumann.com\/wp-content\/uploads\/2024\/04\/Luana-768x768.png 768w\" sizes=\"(max-width: 800px) 100vw, 800px\" \/>\t\t\t\t\t\t\t\t\t\t\t\t\t\t\t<\/div>\n\t\t\t\t<\/div>\n\t\t\t\t<div class=\"elementor-element elementor-element-7bb2f6b elementor-widget elementor-widget-heading\" data-id=\"7bb2f6b\" data-element_type=\"widget\" data-widget_type=\"heading.default\">\n\t\t\t\t<div class=\"elementor-widget-container\">\n\t\t\t\t\t<h3 class=\"elementor-heading-title elementor-size-default\">Luana Borges<\/h3>\t\t\t\t<\/div>\n\t\t\t\t<\/div>\n\t\t\t\t<div class=\"elementor-element elementor-element-77162d9 elementor-widget elementor-widget-text-editor\" data-id=\"77162d9\" data-element_type=\"widget\" data-widget_type=\"text-editor.default\">\n\t\t\t\t<div class=\"elementor-widget-container\">\n\t\t\t\t\t\t\t\t\t<p>Coordinaci\u00f3n de Comunicaci\u00f3n de Brasil<\/p>\n\t\t\t\t\t\t\t\t<\/div>\n\t\t\t\t<\/div>\n\t\t\t\t\t<\/div>\n\t\t\t\t<\/div>\n\t\t<div class=\"elementor-element elementor-element-a54ebb5 e-flex e-con-boxed e-con e-child\" data-id=\"a54ebb5\" data-element_type=\"container\" data-settings=\"{&quot;background_background&quot;:&quot;gradient&quot;,&quot;jet_parallax_layout_list&quot;:[]}\">\n\t\t\t\t\t<div class=\"e-con-inner\">\n\t\t\t\t<div class=\"elementor-element elementor-element-56e84d0 elementor-widget elementor-widget-image\" data-id=\"56e84d0\" data-element_type=\"widget\" data-widget_type=\"image.default\">\n\t\t\t\t<div class=\"elementor-widget-container\">\n\t\t\t\t\t\t\t\t\t\t\t\t\t\t\t<img loading=\"lazy\" decoding=\"async\" width=\"800\" height=\"800\" src=\"https:\/\/latamcongress.straumann.com\/wp-content\/uploads\/2024\/04\/Daniela.png\" class=\"attachment-large size-large wp-image-1756\" alt=\"\" srcset=\"https:\/\/latamcongress.straumann.com\/wp-content\/uploads\/2024\/04\/Daniela.png 800w, https:\/\/latamcongress.straumann.com\/wp-content\/uploads\/2024\/04\/Daniela-300x300.png 300w, https:\/\/latamcongress.straumann.com\/wp-content\/uploads\/2024\/04\/Daniela-150x150.png 150w, https:\/\/latamcongress.straumann.com\/wp-content\/uploads\/2024\/04\/Daniela-768x768.png 768w\" sizes=\"(max-width: 800px) 100vw, 800px\" \/>\t\t\t\t\t\t\t\t\t\t\t\t\t\t\t<\/div>\n\t\t\t\t<\/div>\n\t\t\t\t<div class=\"elementor-element elementor-element-1a4b35d elementor-widget elementor-widget-heading\" data-id=\"1a4b35d\" data-element_type=\"widget\" data-widget_type=\"heading.default\">\n\t\t\t\t<div class=\"elementor-widget-container\">\n\t\t\t\t\t<h3 class=\"elementor-heading-title elementor-size-default\">Daniela Floriani<\/h3>\t\t\t\t<\/div>\n\t\t\t\t<\/div>\n\t\t\t\t<div class=\"elementor-element elementor-element-3e63233 elementor-widget elementor-widget-text-editor\" data-id=\"3e63233\" data-element_type=\"widget\" data-widget_type=\"text-editor.default\">\n\t\t\t\t<div class=\"elementor-widget-container\">\n\t\t\t\t\t\t\t\t\t<p>Comit\u00e9 Cient\u00edfico Interno<\/p>\n\t\t\t\t\t\t\t\t<\/div>\n\t\t\t\t<\/div>\n\t\t\t\t\t<\/div>\n\t\t\t\t<\/div>\n\t\t\t\t\t<\/div>\n\t\t\t\t<\/div>\n\t\t\t\t\t<\/div>\n\t\t\t\t<\/div>\n\t\t<div class=\"elementor-element elementor-element-16f137d elementor-hidden-desktop elementor-hidden-tablet elementor-hidden-mobile e-flex e-con-boxed e-con e-parent\" data-id=\"16f137d\" data-element_type=\"container\" data-settings=\"{&quot;background_background&quot;:&quot;classic&quot;,&quot;jet_parallax_layout_list&quot;:[]}\">\n\t\t\t\t\t<div class=\"e-con-inner\">\n\t\t<div class=\"elementor-element elementor-element-5882446 e-con-full e-flex e-con e-child\" data-id=\"5882446\" data-element_type=\"container\" data-settings=\"{&quot;jet_parallax_layout_list&quot;:[]}\">\n\t\t\t\t<div class=\"elementor-element elementor-element-1310beb elementor-widget elementor-widget-heading\" data-id=\"1310beb\" data-element_type=\"widget\" data-widget_type=\"heading.default\">\n\t\t\t\t<div class=\"elementor-widget-container\">\n\t\t\t\t\t<p class=\"elementor-heading-title elementor-size-default\">\u00a1Prep\u00e1rese para el futuro!<\/p>\t\t\t\t<\/div>\n\t\t\t\t<\/div>\n\t\t\t\t<div class=\"elementor-element elementor-element-6952044 elementor-widget__width-initial elementor-widget elementor-widget-heading\" data-id=\"6952044\" data-element_type=\"widget\" data-widget_type=\"heading.default\">\n\t\t\t\t<div class=\"elementor-widget-container\">\n\t\t\t\t\t<h3 class=\"elementor-heading-title elementor-size-default\">EVENTO CON CUPOS LIMITADOS<\/h3>\t\t\t\t<\/div>\n\t\t\t\t<\/div>\n\t\t\t\t<div class=\"elementor-element elementor-element-eeb6072 elementor-widget__width-initial elementor-widget elementor-widget-text-editor\" data-id=\"eeb6072\" data-element_type=\"widget\" data-widget_type=\"text-editor.default\">\n\t\t\t\t<div class=\"elementor-widget-container\">\n\t\t\t\t\t\t\t\t\t<p><span style=\"font-weight: 400;\">Reg\u00edstrese al Congreso Straumann Latam 2024. Inf\u00f3rmese sobre las condiciones comerciales y asegure su lugar ahora mismo.<\/span><\/p>\n\t\t\t\t\t\t\t\t<\/div>\n\t\t\t\t<\/div>\n\t\t\t\t<div class=\"elementor-element elementor-element-c342b28 elementor-widget elementor-widget-button\" data-id=\"c342b28\" data-element_type=\"widget\" data-widget_type=\"button.default\">\n\t\t\t\t<div class=\"elementor-widget-container\">\n\t\t\t\t\t\t\t\t\t<div class=\"elementor-button-wrapper\">\n\t\t\t\t\t<a class=\"elementor-button elementor-button-link elementor-size-sm elementor-animation-grow\" href=\"https:\/\/latamcongress.straumann.com\/es\/#informacoes\">\n\t\t\t\t\t\t<span class=\"elementor-button-content-wrapper\">\n\t\t\t\t\t\t\t\t\t<span class=\"elementor-button-text\">M\u00e1s informaci\u00f3n disponible<\/span>\n\t\t\t\t\t<\/span>\n\t\t\t\t\t<\/a>\n\t\t\t\t<\/div>\n\t\t\t\t\t\t\t\t<\/div>\n\t\t\t\t<\/div>\n\t\t\t\t<\/div>\n\t\t\t\t\t<\/div>\n\t\t\t\t<\/div>\n\t\t\t\t<\/div>\n\t\t","protected":false},"excerpt":{"rendered":"<p>El congreso \u00a1Prep\u00e1rese para el futuro! Desde 2015, hemos reunido a Brasil, a m\u00e1s de 10 pa\u00edses de Am\u00e9rica Latina y a los oradores m\u00e1s destacados del mundo en un lugar paradis\u00edaco, donde compartimos toda la innovaci\u00f3n y superioridad tecnol\u00f3gica de Straumann con una rica agenda de conversaciones para elevar a\u00fan m\u00e1s el desempe\u00f1o de [&hellip;]<\/p>\n","protected":false},"author":1,"featured_media":0,"parent":0,"menu_order":0,"comment_status":"closed","ping_status":"closed","template":"","meta":{"footnotes":""},"class_list":["post-1109","page","type-page","status-publish","hentry"],"_links":{"self":[{"href":"https:\/\/latamcongress.straumann.com\/es\/wp-json\/wp\/v2\/pages\/1109","targetHints":{"allow":["GET"]}}],"collection":[{"href":"https:\/\/latamcongress.straumann.com\/es\/wp-json\/wp\/v2\/pages"}],"about":[{"href":"https:\/\/latamcongress.straumann.com\/es\/wp-json\/wp\/v2\/types\/page"}],"author":[{"embeddable":true,"href":"https:\/\/latamcongress.straumann.com\/es\/wp-json\/wp\/v2\/users\/1"}],"replies":[{"embeddable":true,"href":"https:\/\/latamcongress.straumann.com\/es\/wp-json\/wp\/v2\/comments?post=1109"}],"version-history":[{"count":18,"href":"https:\/\/latamcongress.straumann.com\/es\/wp-json\/wp\/v2\/pages\/1109\/revisions"}],"predecessor-version":[{"id":2958,"href":"https:\/\/latamcongress.straumann.com\/es\/wp-json\/wp\/v2\/pages\/1109\/revisions\/2958"}],"wp:attachment":[{"href":"https:\/\/latamcongress.straumann.com\/es\/wp-json\/wp\/v2\/media?parent=1109"}],"curies":[{"name":"wp","href":"https:\/\/api.w.org\/{rel}","templated":true}]}}