{"id":2732,"date":"2024-10-21T10:49:06","date_gmt":"2024-10-21T13:49:06","guid":{"rendered":"https:\/\/latamcongress.straumann.com\/privacy-notice\/"},"modified":"2025-01-08T15:39:08","modified_gmt":"2025-01-08T18:39:08","slug":"privacy-notice","status":"publish","type":"page","link":"https:\/\/latamcongress.straumann.com\/en\/privacy-notice\/","title":{"rendered":"Privacy Notice"},"content":{"rendered":"\t\t<div data-elementor-type=\"wp-page\" data-elementor-id=\"2732\" class=\"elementor elementor-2732 elementor-2554\" data-elementor-post-type=\"page\">\n\t\t\t\t<div class=\"elementor-element elementor-element-9bbefc3 e-flex e-con-boxed e-con e-parent\" data-id=\"9bbefc3\" data-element_type=\"container\" data-settings=\"{&quot;jet_parallax_layout_list&quot;:[]}\">\n\t\t\t\t\t<div class=\"e-con-inner\">\n\t\t<div class=\"elementor-element elementor-element-ac9a731 e-con-full e-flex e-con e-child\" data-id=\"ac9a731\" data-element_type=\"container\" data-settings=\"{&quot;jet_parallax_layout_list&quot;:[]}\">\n\t\t\t\t<div class=\"elementor-element elementor-element-fcafea3 elementor-widget elementor-widget-heading\" data-id=\"fcafea3\" data-element_type=\"widget\" data-widget_type=\"heading.default\">\n\t\t\t\t<div class=\"elementor-widget-container\">\n\t\t\t\t\t<p class=\"elementor-heading-title elementor-size-default\">Privacy Notice<\/p>\t\t\t\t<\/div>\n\t\t\t\t<\/div>\n\t\t<div class=\"elementor-element elementor-element-bc29bdc e-flex e-con-boxed e-con e-child\" data-id=\"bc29bdc\" data-element_type=\"container\" data-settings=\"{&quot;jet_parallax_layout_list&quot;:[]}\">\n\t\t\t\t\t<div class=\"e-con-inner\">\n\t\t\t\t<div class=\"elementor-element elementor-element-994c74c elementor-widget elementor-widget-heading\" data-id=\"994c74c\" data-element_type=\"widget\" data-widget_type=\"heading.default\">\n\t\t\t\t<div class=\"elementor-widget-container\">\n\t\t\t\t\t<p class=\"elementor-heading-title elementor-size-default\">Terms and Conditions for Registration and Participation in the 4th Straumann Latam Congress<\/p>\t\t\t\t<\/div>\n\t\t\t\t<\/div>\n\t\t\t\t<div class=\"elementor-element elementor-element-497b8b5 elementor-widget elementor-widget-text-editor\" data-id=\"497b8b5\" data-element_type=\"widget\" data-widget_type=\"text-editor.default\">\n\t\t\t\t<div class=\"elementor-widget-container\">\n\t\t\t\t\t\t\t\t\t<p class=\"p1\"><strong>JJGC IND\u00daSTRIA E COM\u00c9RCIO DE MATERIAIS DENT\u00c1RIOS S.A<\/strong>,\u00a0 empresa do Grupo Straumann, inscrita no CNPJ sob n\u00ba 00.489.050\/0001-84, com sede na Avenida Juscelino Kubitschek de Oliveira, n\u00ba 3291, Cidade Industrial, CEP 81.270-200 e filial inscrita no CNPJ sob n\u00ba 00.489.050\/0029-85, estabelecida na Rua Benjamin Lins, n\u00ba 742, Batel, CEP 80.420-100, Curitiba, Estado do Paran\u00e1, doravante denominada simplesmente de ORGANIZADORA, vem estabelecer aos inscritos, doravante denominados Participantes, os seguintes termos e condi\u00e7\u00f5es para participa\u00e7\u00e3o no 4\u00b0 Straumann Latam Congress, doravante denominado \u201cEvento\u201d, a realizar-se nos dias 08 e 09 de maio de 2025, no Meli\u00e1 Paradisus Palma Real, situado na Playa de B\u00e1varo, Av. Alemania, Punta Cana 23000, Rep\u00fablica Dominicana.<\/p>\n<p class=\"p1\">Do Evento<\/p>\n<p class=\"p1\">A 4\u00b0 edi\u00e7\u00e3o do Evento ocorrer\u00e1 nos dias 08 e 09 de maio de 2025, no Meli\u00e1 Paradisus Palma Real, situado na Playa de B\u00e1varo, Av. Alemania, Punta Cana 23000, Rep\u00fablica Dominicana. O Evento \u00e9 uma experi\u00eancia premium para enriquecer o conhecimento cient\u00edfico, estreitar relacionamentos e refor\u00e7ar o compromisso da ORGANIZADORA com a evolu\u00e7\u00e3o da implantodontia, a superioridade tecnol\u00f3gica e transforma\u00e7\u00e3o digital da Straumann, criando conex\u00f5es significativas para os World Class Doctors, de 10 (dez) pa\u00edses da Am\u00e9rica Latina e parceiros do ITI \u2013 International Team for Implantology.<\/p>\n<p class=\"p1\">Das Atra\u00e7\u00f5es do Evento<\/p>\n<p class=\"p1\">A programa\u00e7\u00e3o cient\u00edfica vai contar com a participa\u00e7\u00e3o de renomados palestrantes do Brasil e do mundo, indicados a partir de pesquisas com os times de diferentes pa\u00edses e clientes.<\/p>\n<p class=\"p1\">2.1.a. Palestrantes nacionais confirmados: Alessandro Janu\u00e1rio, Bruno Matias, Daniel Neves, Leandro Cardoso, Leandro Nunes, Livia Lamunier, Luiz Ot\u00e1vio, Paula Corvelho, Rodrigo Beltr\u00e3o e S\u00e9rgio Bernardes.<\/p>\n<p class=\"p1\">2.1.b. Palestrantes internacionais confirmados:<span class=\"Apple-converted-space\">\u00a0 <\/span>Gustavo Harfagar, Alejandro Trevino, Alejandro Lanis, Martha Fernandes, Juan Manuel Olarte, Santiago Castro.<\/p>\n<p class=\"p1\">2.1.c. Marcas parceiras: Straumann, ClearCorrect e ITI &#8211; International Team for Implantology.<\/p>\n<p class=\"p1\">2.2. Das Altera\u00e7\u00f5es na Programa\u00e7\u00e3o do Evento<\/p>\n<p class=\"p1\">A ORGANIZADORA se reserva o direito de alterar, substituir ou cancelar, a qualquer momento, atividades, palestras ou palestrantes, mesmo que j\u00e1 tenham sido divulgados, em caso de imprevistos ou necessidades, n\u00e3o cabendo solicita\u00e7\u00e3o de reembolso de valores de inscri\u00e7\u00e3o por motivos de altera\u00e7\u00e3o na grade da programa\u00e7\u00e3o.<\/p>\n<p class=\"p1\">Da Inscri\u00e7\u00e3o<\/p>\n<p class=\"p1\">A inscri\u00e7\u00e3o dever\u00e1 ser realizada exclusivamente atrav\u00e9s do site do Congresso: https:\/\/latamcongress.straumann.com\/.<\/p>\n<p class=\"p1\">Todos os dados informados pelo Participante s\u00e3o de sua inteira responsabilidade, n\u00e3o havendo qualquer responsabilidade da ORGANIZADORA em eventual diverg\u00eancia e\/ou inveracidade destes dados.<\/p>\n<p class=\"p1\">Por motivos de seguran\u00e7a, n\u00e3o ser\u00e3o recebidos dados para inscri\u00e7\u00e3o atrav\u00e9s de e-mail, telefone, redes sociais, WhatsApp ou qualquer outra forma que n\u00e3o seja pelo website de inscri\u00e7\u00e3o indicado no item 3 (tr\u00eas) destes termos e condi\u00e7\u00f5es.<\/p>\n<p class=\"p1\">3.1. Dos Dados para Inscri\u00e7\u00e3o no Evento<\/p>\n<p class=\"p1\">Ao demonstrar interesse no Evento, o Participante dever\u00e1 fornecer, no momento de sua inscri\u00e7\u00e3o, alguns dados para que seja realizado o Evento e cumprir com algumas obriga\u00e7\u00f5es legais e regulat\u00f3rias (reserva no hotel e Certificado de Participa\u00e7\u00e3o).<\/p>\n<p class=\"p1\">Os dados pessoais fornecidos a ORGANIZADORA no momento da Inscri\u00e7\u00e3o poder\u00e3o ser compartilhados com terceiros prestadores de servi\u00e7os, fornecedores e outros parceiros de coopera\u00e7\u00e3o utilizados pela ORGANIZADORA para possibilitar a realiza\u00e7\u00e3o do Evento.<\/p>\n<p class=\"p1\">Os dados ser\u00e3o armazenados no banco de dados dos promotores e organizadores para fins de identifica\u00e7\u00e3o, acesso e controle de presen\u00e7a no Evento, pelo tempo necess\u00e1rio para cumprimento das obriga\u00e7\u00f5es contratuais, legais e\/ou regulat\u00f3rias.<\/p>\n<p class=\"p1\">Para que seguir com sua inscri\u00e7\u00e3o no Evento, os seguintes dados do Participante ser\u00e3o solicitados:<\/p>\n<p class=\"p1\">Dados pessoais: nome e sobrenome, pa\u00eds, cidade, endere\u00e7o completo, e-mail, telefone, especialidade, documento (CPF\/ CNPJ\/N\u00famero do passaporte).<\/p>\n<p class=\"p1\">Caso o Participante opte pelo pagamento atrav\u00e9s de Cart\u00e3o de Cr\u00e9dito ou D\u00e9bito, os dados financeiros solicitados no momento da inscri\u00e7\u00e3o no Evento ser\u00e3o:<\/p>\n<p class=\"p1\">Dados financeiros: bandeira, n\u00famero de parcela, n\u00famero do cart\u00e3o, validade e c\u00f3digo de seguran\u00e7a.<\/p>\n<p class=\"p1\">Caso o Participante opte por levar acompanhantes ter\u00e1 que enviar os dados de seus acompanhantes:<\/p>\n<p class=\"p1\">Dados pessoais: nome e sobrenome, documento (CPF\/n\u00famero do passaporte\/CNPJ), data de nascimento, e-mail, telefone, endere\u00e7o completo e especialidade no caso de ser dentista.<\/p>\n<p class=\"p1\">Caso o Participante se oponha ao processamento e tratamento dos seus dados pessoais pela ORGANIZADORA, alguns servi\u00e7os e solu\u00e7\u00f5es se tornar\u00e3o indispon\u00edveis. Para maiores esclarecimentos busque em Pol\u00edtica de privacidade na p\u00e1gina de inscri\u00e7\u00f5es no site do Congresso.<\/p>\n<p class=\"p1\">Das Modalidades de Inscri\u00e7\u00e3o<\/p>\n<p class=\"p1\">O Participante no momento de sua inscri\u00e7\u00e3o no Evento dever\u00e1 escolher entre uma das seguintes modalidades:<\/p>\n<p class=\"p1\">Ingresso + hospedagem single: Estadia de 03 (tr\u00eas) dias para 1 (uma) pessoa no sistema All Inclusive.<\/p>\n<p class=\"p1\">Ingresso + Hospedagem duplo: Estadia de 03 (tr\u00eas) dias para 2 (duas) pessoas no sistema All Inclusive.<\/p>\n<p class=\"p1\">Ingresso + Hospedagem triplo: Estadia de 03 (tr\u00eas) dias para 3 (tr\u00eas) pessoas no sistema All Inclusive.<\/p>\n<p class=\"p1\">Per\u00edodo: 07, 08 e 09 de maio de 2025<\/p>\n<p class=\"p1\">01 (um) Ingresso para todas as apresenta\u00e7\u00f5es do Congresso (08 e 09\/05)<\/p>\n<p class=\"p1\">01 (um) Ingresso para a festa dia 09\/05<\/p>\n<p class=\"p1\">IMPORTANTE:<\/p>\n<p class=\"p1\">Crian\u00e7as com idade de 0 (zero) a menos de 2 (dois) anos n\u00e3o est\u00e3o sujeitas ao pagamento de tarifas.<\/p>\n<p class=\"p1\">Crian\u00e7as com idade igual ou superior a 2 (dois) anos e inferior a 12 (doze) anos estar\u00e3o sujeitas ao pagamento de 50% (cinquenta por cento) da tarifa.<\/p>\n<p class=\"p1\">Crian\u00e7as com 13 (treze) anos ou mais pagar\u00e3o a tarifa integral aplic\u00e1vel a adultos.<\/p>\n<p class=\"p1\">A configura\u00e7\u00e3o do apartamento e o tipo de leito ser\u00e3o definidos conforme a disponibilidade do hotel.<\/p>\n<p class=\"p1\">Ingresso Day-use: 01 (um) Ingresso v\u00e1lido para os 2 (dois) dias de Congresso (08 e 09\/05), para o uso somente das instala\u00e7\u00f5es do hotel, n\u00e3o contemplando hospedagem, + 1 (um) Ingresso para a festa do dia 09\/05.<\/p>\n<p class=\"p1\">Ingresso para a festa: 01 (um) Ingresso adicional para a festa dia 09\/05, para acompanhantes acima de 18 (dezoito) anos. N\u00e3o inclui hospedagem.<\/p>\n<p class=\"p1\">Das Formas de Pagamento<\/p>\n<p class=\"p1\">Ap\u00f3s a escolha da modalidade de inscri\u00e7\u00e3o, o Participante poder\u00e1 optar pela forma de pagamento, que poder\u00e1 ser efetuado atrav\u00e9s de cart\u00e3o de cr\u00e9dito (\u00e0 vista\/parcelado) ou via PIX no caso de Participantes residentes no Brasil. Para os Participantes residentes em outros pa\u00edses, a op\u00e7\u00e3o dispon\u00edvel ser\u00e1 exclusivamente o pagamento via cart\u00e3o de cr\u00e9dito (\u00e0 vista).<\/p>\n<p class=\"p1\">Imediatamente ap\u00f3s o preenchimento da ficha de inscri\u00e7\u00e3o, o Participante receber\u00e1 um e-mail de confirma\u00e7\u00e3o de recebimento da inscri\u00e7\u00e3o.<\/p>\n<p class=\"p1\">Caso o pagamento seja realizado com a utiliza\u00e7\u00e3o de um c\u00f3digo promocional, o desconto correspondente ser\u00e1 aplicado no momento da inscri\u00e7\u00e3o e ser\u00e1 deduzido do valor final da compra.<\/p>\n<p class=\"p1\">A confirma\u00e7\u00e3o da inscri\u00e7\u00e3o ser\u00e1 efetivada somente ap\u00f3s a aprova\u00e7\u00e3o do pagamento realizado. A confirma\u00e7\u00e3o final da inscri\u00e7\u00e3o ser\u00e1 enviada para o e-mail fornecido pelo Participante.<\/p>\n<p class=\"p1\">Da Desist\u00eancia, Cancelamento e Reembolso<\/p>\n<p class=\"p1\">O Participante poder\u00e1 cancelar a sua inscri\u00e7\u00e3o no Evento, devendo formalizar seu pedido atrav\u00e9s do e-mail:<\/p>\n<p class=\"p1\">latamcongress@straumann.com.<\/p>\n<p class=\"p1\">Em casos de desist\u00eancia pelo Participante, ser\u00e3o observados os seguintes crit\u00e9rios de reembolso:<\/p>\n<p class=\"p1\">Em casos de desist\u00eancia at\u00e9 150 (cento e cinquenta) dias antes do evento: ser\u00e1 reembolsado 70% (setenta por cento) do valor total da inscri\u00e7\u00e3o;<\/p>\n<p class=\"p1\">Em casos de desist\u00eancia at\u00e9 90 (noventa) dias antes do evento: ser\u00e1 reembolsado 50% (cinquenta por cento) do valor total da inscri\u00e7\u00e3o;<\/p>\n<p class=\"p1\">Em casos de desist\u00eancia at\u00e9 30 (trinta) dias antes do evento: ser\u00e1 reembolsado 20% (vinte por cento) do valor total da inscri\u00e7\u00e3o;<\/p>\n<p class=\"p1\">Em caso de cancelamento das di\u00e1rias de hospedagem durante o per\u00edodo do evento \u2013 07 a 09 de maio de 2025, valer\u00e1 as mesmas penalidades acima.<\/p>\n<p class=\"p1\">Cancelamento de a\u00e9reo comprados pela ag\u00eancia oficial devem ser verificados pelo contato: latamcongress@voetur.com.br.<\/p>\n<p class=\"p1\">A partir de 08 de abril de 2025, em casos de desist\u00eancia, n\u00e3o haver\u00e1 devolu\u00e7\u00e3o do valor pago, independente do motivo.<\/p>\n<p class=\"p1\">Para todos os casos de reembolso, ser\u00e3o descontadas as respectivas taxas de opera\u00e7\u00e3o de transfer\u00eancia banc\u00e1ria.<\/p>\n<p class=\"p1\">Os valores decorrentes da desist\u00eancia ser\u00e3o reembolsados pela ORGANIZADORA, quando aplic\u00e1vel, em at\u00e9 30 (trinta) dias ap\u00f3s o t\u00e9rmino do Evento.<\/p>\n<p class=\"p1\">Da Solicita\u00e7\u00e3o de Altera\u00e7\u00e3o<\/p>\n<p class=\"p1\">Para solicitar a altera\u00e7\u00e3o de uma reserva, o Participante dever\u00e1 entrar em contato com a equipe de atendimento ao cliente atrav\u00e9s do e-mail latamcongress@voetur.com.br ou pelo telefone (11) 98873-4794.<\/p>\n<p class=\"p1\">Do Prazo para Altera\u00e7\u00e3o<\/p>\n<p class=\"p1\">Altera\u00e7\u00f5es na reserva s\u00f3 ser\u00e3o aceitas se solicitadas at\u00e9 30 (trinta) antes do Evento. Solicita\u00e7\u00f5es feitas ap\u00f3s esse prazo estar\u00e3o sujeitas \u00e0s Pol\u00edticas de Cancelamento e Reembolso.<\/p>\n<p class=\"p1\">Da Taxa de Altera\u00e7\u00e3o<\/p>\n<p class=\"p1\">Altera\u00e7\u00f5es na reserva poder\u00e3o estar sujeitas a uma taxa de 7% (sete por cento) do valor total da reserva. Esta taxa ser\u00e1 cobrada para cobrir custos administrativos e operacionais.<\/p>\n<p class=\"p1\">Da Disponibilidade<\/p>\n<p class=\"p1\">A altera\u00e7\u00e3o de reserva est\u00e1 sujeita \u00e0 disponibilidade. N\u00e3o est\u00e1 garantida a disponibilidade dos mesmos produtos ou servi\u00e7os para a nova data ou sess\u00e3o solicitada.<\/p>\n<p class=\"p1\">Da Diferen\u00e7a de Pre\u00e7o<\/p>\n<p class=\"p1\">Caso a altera\u00e7\u00e3o resulte em um custo maior, o Participante ser\u00e1 respons\u00e1vel pelo pagamento da diferen\u00e7a.<\/p>\n<p class=\"p1\">Da Pol\u00edtica de Cancelamento<\/p>\n<p class=\"p1\">Caso a altera\u00e7\u00e3o n\u00e3o seja poss\u00edvel e o Participante decida cancelar a reserva, as pol\u00edticas de reembolso aplic\u00e1veis ser\u00e3o aquelas descritas na se\u00e7\u00e3o de Cancelamento.<\/p>\n<p class=\"p1\">Para informa\u00e7\u00f5es sobre cancelamento e reembolso, consulte a nossa pol\u00edtica de cancelamento dispon\u00edvel no item \u201c6 \u2013 Da desist\u00eancia, Cancelamento e Reembolso\u201d.<\/p>\n<p class=\"p1\">Da Responsabilidade do Participante<\/p>\n<p class=\"p1\">O participante \u00e9 respons\u00e1vel por verificar e confirmar todos os detalhes da reserva alterada. A equipe organizadora n\u00e3o se responsabiliza por erros ou omiss\u00f5es ap\u00f3s a confirma\u00e7\u00e3o da altera\u00e7\u00e3o.<\/p>\n<p class=\"p1\">Das Despesas dos Participantes<\/p>\n<p class=\"p1\">A ORGANIZADORA se exime de arcar com quaisquer despesas dos Participante para possibilitar a participa\u00e7\u00e3o no Evento. Em nenhuma das modalidades de inscri\u00e7\u00e3o as despesas com deslocamento, passeios e hospedagem al\u00e9m dos dias do evento do Participante est\u00e3o inclusas.<\/p>\n<p class=\"p1\">A ORGANIZADORA, sem assumir qualquer v\u00ednculo e\/ou responsabilidade na escolha do Participante e, visando apenas e t\u00e3o somente a facilita\u00e7\u00e3o da participa\u00e7\u00e3o no Evento e o atendimento premium, informa que a ag\u00eancia VoeTur Turismo, oferecer\u00e1 descontos exclusivos aos inscritos para o Evento, no deslocamento e hospedagem al\u00e9m dos dias do evento, ficando a crit\u00e9rio \u00fanico e exclusivo do Participante a decis\u00e3o na contrata\u00e7\u00e3o do servi\u00e7o de terceiro.<\/p>\n<p class=\"p1\">A responsabilidade pelo deslocamento e pela hospedagem, tratando-se de estadia em hot\u00e9is que n\u00e3o estejam diretamente associados ao Evento e qualquer pernoite adicional al\u00e9m dos dias do Evento, \u00e9 inteiramente do Participante. A ORGANIZADORA n\u00e3o arcar\u00e1 com esses custos.<\/p>\n<p class=\"p1\">Da Transfer\u00eancia de Titularidade<\/p>\n<p class=\"p1\">A transfer\u00eancia da titularidade da inscri\u00e7\u00e3o ser\u00e1 permitida desde que atendidos os seguintes crit\u00e9rios:<\/p>\n<p class=\"p1\">mediante solicita\u00e7\u00e3o direta e confirma\u00e7\u00e3o de identidade do inscrito;<\/p>\n<p class=\"p1\">solicita\u00e7\u00f5es apenas atrav\u00e9s do e-mail: latamcongress@voetur.com.br;<\/p>\n<p class=\"p1\">pedidos de transfer\u00eancia de titularidade at\u00e9 o dia 01\/03\/2025 e para a mesma categoria.<\/p>\n<p class=\"p1\">Preenchidos os requisitos, o Participante recebedor da inscri\u00e7\u00e3o precisar\u00e1 confirmar os dados indicados no Item 3.1 \u201ca\u201d destes Termos e Condi\u00e7\u00f5es.<\/p>\n<p class=\"p1\">Do Certificado<\/p>\n<p class=\"p1\">Todos os Participantes receber\u00e3o Certificado de Participa\u00e7\u00e3o, o qual ser\u00e1 disponibilizado no site do Evento para impress\u00e3o, em at\u00e9 30 (trinta) dias ap\u00f3s a realiza\u00e7\u00e3o do Evento.<\/p>\n<p class=\"p1\">A emiss\u00e3o do certificado \u00e9 de responsabilidade de cada Participante e ficar\u00e1 dispon\u00edvel no formato online, na \u201c\u00e1rea do congressista\u201d, no website atrav\u00e9s do qual o Participante realizou sua inscri\u00e7\u00e3o, at\u00e9 o dia 31\/08\/2025.<\/p>\n<p class=\"p1\">N\u00e3o ser\u00e3o enviados certificados por e-mail ou qualquer outro formato. A ORGANIZADORA n\u00e3o se responsabiliza por certificados N\u00c3O emitidos.<\/p>\n<p class=\"p1\">Do Direito de Imagem<\/p>\n<p class=\"p1\">A ORGANIZADORA se reserva o direito de fazer registro de imagens em todas as atividades que comp\u00f5e o Evento. Ao participar do Evento, o Participante dar\u00e1 aos promotores, organizadores e patrocinadores o direito de utilizar suas imagens, tomadas em fotografias e\/ou v\u00eddeos e filmagens realizadas no pr\u00e9-evento, durante e p\u00f3s-evento.<\/p>\n<p class=\"p1\">Ao participar do Evento o Participante est\u00e1 ciente de que sua imagem, voz e nome podem ser utilizadas, a qualquer momento, pela ORGANIZADORA, suas filiais nacionais e internacionais, empresas coligadas, subsidi\u00e1rias e\/ou do mesmo grupo econ\u00f4mico em divulga\u00e7\u00e3o de material promocional de m\u00eddia, audiovisual, impresso e\/ou eletr\u00f4nico (publica\u00e7\u00f5es, informativos, cat\u00e1logos, revistas, jornais, folders e outros materiais de campanhas),<span class=\"Apple-converted-space\">\u00a0 <\/span>e demais canais de divulga\u00e7\u00e3o do evento (promotores, organizadores e patrocinadores), podendo divulga-los da maneira que melhor lhe prouver em qualquer canal de comunica\u00e7\u00e3o (r\u00e1dio, televis\u00e3o, internet, v\u00eddeos, document\u00e1rios, etc.) desde que respeitadas todas as normativas vigentes e que n\u00e3o importem em distor\u00e7\u00e3o do conte\u00fado.<\/p>\n<p class=\"p1\">Da Lei Geral de Prote\u00e7\u00e3o de Dados<\/p>\n<p class=\"p1\">A prote\u00e7\u00e3o e seguran\u00e7a dos dados pessoais s\u00e3o de extrema import\u00e2ncia para a ORGANIZADORA e \u00e9 por isso que no item 3.1 s\u00e3o detalhados os dados pessoais e financeiros que ser\u00e3o pedidos a cada Participante no momento da inscri\u00e7\u00e3o no Evento.<\/p>\n<p class=\"p1\">Al\u00e9m dos dados solicitados no momento da inscri\u00e7\u00e3o, ser\u00e1 solicitado ao Participante o seu consentimento para o envio de publicidades e materiais de marketing relacionados aos produtos da ORGANIZADORA e aos produtos de patrocinadores e expositores parceiros. Esse consentimento n\u00e3o \u00e9 obrigat\u00f3rio, por isso o Participante tem o direito de optar por n\u00e3o o consentir.<\/p>\n<p class=\"p1\">Caso o Participante ainda tenha alguma d\u00favida ou necessite entender mais sobre a Pol\u00edtica de Privacidade de Dados, \u00e9 poss\u00edvel consultar o endere\u00e7o eletr\u00f4nico a seguir: https:\/\/www.straumann.com\/neodent\/br\/pt\/profissionais\/aviso-de-privacidade.html.<\/p>\n<p class=\"p1\">Dos Pertences e Objetos Pessoais<\/p>\n<p class=\"p1\">\u00c9 de responsabilidade do Participante manter seguros seus pertences e objetos pessoais. Os promotores e organizadores do evento n\u00e3o se responsabilizam por extravios, perda ou roubo, ocorridos durante a realiza\u00e7\u00e3o do Evento, no local e \u00e1reas adjacentes, local de hospedagem ou durante deslocamentos ao Evento.<\/p>\n<p class=\"p1\">A ORGANIZADORA do Evento disponibilizar\u00e1 junto \u00e0 secretaria do Evento um setor de achados e perdidos, todavia, \u00e9 de inteira responsabilidade de cada Participante zelar por seus pertences.<\/p>\n<p class=\"p1\">Das Disposi\u00e7\u00f5es Finais<\/p>\n<p class=\"p1\">Modifica\u00e7\u00e3o dos Termos e Condi\u00e7\u00f5es: A ORGANIZADORA reserva-se o direito de, a qualquer momento, emitir aditivos ao presente Termo e Condi\u00e7\u00f5es, com o objetivo de esclarecer quaisquer casos omissos ou obscuros. Tais aditivos ser\u00e3o considerados parte integrante dos Termos e Condi\u00e7\u00f5es, e sua aceita\u00e7\u00e3o ser\u00e1 obrigat\u00f3ria para todos os Participantes.<\/p>\n<p class=\"p1\">Cancelamento do Evento: A ORGANIZADORA poder\u00e1, a seu exclusivo crit\u00e9rio e sem a necessidade de justificativa, proceder ao cancelamento do Evento. Neste caso, a ORGANIZADORA notificar\u00e1 a decis\u00e3o de cancelamento atrav\u00e9s dos canais oficiais do Evento.<\/p>\n<p class=\"p1\">Aceita\u00e7\u00e3o dos Termos e Condi\u00e7\u00f5es: A aceita\u00e7\u00e3o dos Termos e Condi\u00e7\u00f5es pelo Participante ao se inscrever no Evento implica a concord\u00e2ncia com todos os termos e condi\u00e7\u00f5es aqui estabelecidos, incluindo quaisquer modifica\u00e7\u00f5es que possam ser feitas conforme descrito acima.<\/p>\n<p class=\"p1\">Resolu\u00e7\u00e3o de D\u00favidas e Controv\u00e9rsias: Qualquer d\u00favida ou controv\u00e9rsia oriunda de reclama\u00e7\u00f5es dos inscritos dever\u00e1 ser inicialmente dirimida pela ORGANIZADORA, que buscar\u00e1 resolver a quest\u00e3o de forma justa e conforme as disposi\u00e7\u00f5es estabelecidas nestes Termos e Condi\u00e7\u00f5es.<\/p>\n<p class=\"p1\">Do Foro:<\/p>\n<p class=\"p1\">Fica eleito o foro da Comarca de Curitiba, Estado do Paran\u00e1, como o competente para dirimir quaisquer quest\u00f5es relacionadas a estes Termos e Condi\u00e7\u00f5es.<\/p>\n<p class=\"p1\">\u00a9JJGC Ind\u00fastria e Com\u00e9rcio de Materiais Dent\u00e1rios S.A. Todos os direitos reservados.<\/p>\n\t\t\t\t\t\t\t\t<\/div>\n\t\t\t\t<\/div>\n\t\t\t\t\t<\/div>\n\t\t\t\t<\/div>\n\t\t\t\t<\/div>\n\t\t\t\t\t<\/div>\n\t\t\t\t<\/div>\n\t\t\t\t<\/div>\n\t\t","protected":false},"excerpt":{"rendered":"<p>Privacy Notice Terms and Conditions for Registration and Participation in the 4th Straumann Latam Congress JJGC IND\u00daSTRIA E COM\u00c9RCIO DE MATERIAIS DENT\u00c1RIOS S.A,\u00a0 empresa do Grupo Straumann, inscrita no CNPJ sob n\u00ba 00.489.050\/0001-84, com sede na Avenida Juscelino Kubitschek de Oliveira, n\u00ba 3291, Cidade Industrial, CEP 81.270-200 e filial inscrita no CNPJ sob n\u00ba 00.489.050\/0029-85, [&hellip;]<\/p>\n","protected":false},"author":1,"featured_media":0,"parent":0,"menu_order":0,"comment_status":"closed","ping_status":"closed","template":"","meta":{"footnotes":""},"class_list":["post-2732","page","type-page","status-publish","hentry"],"_links":{"self":[{"href":"https:\/\/latamcongress.straumann.com\/en\/wp-json\/wp\/v2\/pages\/2732","targetHints":{"allow":["GET"]}}],"collection":[{"href":"https:\/\/latamcongress.straumann.com\/en\/wp-json\/wp\/v2\/pages"}],"about":[{"href":"https:\/\/latamcongress.straumann.com\/en\/wp-json\/wp\/v2\/types\/page"}],"author":[{"embeddable":true,"href":"https:\/\/latamcongress.straumann.com\/en\/wp-json\/wp\/v2\/users\/1"}],"replies":[{"embeddable":true,"href":"https:\/\/latamcongress.straumann.com\/en\/wp-json\/wp\/v2\/comments?post=2732"}],"version-history":[{"count":1,"href":"https:\/\/latamcongress.straumann.com\/en\/wp-json\/wp\/v2\/pages\/2732\/revisions"}],"predecessor-version":[{"id":2733,"href":"https:\/\/latamcongress.straumann.com\/en\/wp-json\/wp\/v2\/pages\/2732\/revisions\/2733"}],"wp:attachment":[{"href":"https:\/\/latamcongress.straumann.com\/en\/wp-json\/wp\/v2\/media?parent=2732"}],"curies":[{"name":"wp","href":"https:\/\/api.w.org\/{rel}","templated":true}]}}